{"id":3,"date":"2020-11-26T07:54:46","date_gmt":"2020-11-26T07:54:46","guid":{"rendered":"http:\/\/rmsasesores.com\/?page_id=3"},"modified":"2020-12-14T11:56:19","modified_gmt":"2020-12-14T10:56:19","slug":"politica-privacidad","status":"publish","type":"page","link":"https:\/\/rmsasesores.com\/index.php\/politica-privacidad\/","title":{"rendered":"Pol\u00edtica de privacidad"},"content":{"rendered":"<p>[vc_row][vc_column][vc_column_text]<\/p>\n<h2><b>1) Informaci\u00f3n del titular<\/b><\/h2>\n<p><span style=\"font-weight: 400;\">En cumplimiento del art\u00edculo 10 de la Ley 34\/2002, de 11 de julio, de Servicios de la Sociedad de la Informaci\u00f3n y Comercio Electr\u00f3nico, a continuaci\u00f3n se exponen los datos identificativos del Titular:<\/span><\/p>\n<ul>\n<li style=\"font-weight: 400;\"><b>Web: rmsasesores.com y subdominios (en adelante, la Web)<\/b><\/li>\n<li style=\"font-weight: 400;\"><b>Titular: Rafael Mochol\u00ed Soriano<\/b><\/li>\n<li style=\"font-weight: 400;\"><b>Domicilio:<\/b><span style=\"font-weight: 400;\"> \u00a0<strong>Guillen de castro, n\u00ba 9 en Valencia (46007)<\/strong><\/span><\/li>\n<li style=\"font-weight: 400;\"><b>C.I.F: 24.354.360M<\/b><\/li>\n<li style=\"font-weight: 400;\"><b>Tel\u00e9fono: 649-603-699<\/b><\/li>\n<li style=\"font-weight: 400;\"><b>Correo electr\u00f3nico:rmsasesores@gmail.com<\/b><\/li>\n<\/ul>\n<h2><b>2) Condiciones de acceso y uso<\/b><\/h2>\n<p><span style=\"font-weight: 400;\">Cualquier persona que acceda a la Web de <\/span><b>rmsasesores<\/b><span style=\"font-weight: 400;\"> tendr\u00e1 la consideraci\u00f3n de Usuario. El Usuario se compromete a utilizar la p\u00e1gina Web y aquellos servicios puestos a su disposici\u00f3n a trav\u00e9s de la misma, de manera acorde a la Ley, moral, buenas costumbres y orden p\u00fablico, as\u00ed como con lo dispuesto en el presente clausulado. En consecuencia, queda obligado a no utilizar la Web con fines o efectos il\u00edcitos y\/o contrarios a lo establecido, lesivos de derechos y\/o intereses de terceros o que, de cualquier forma, puedan da\u00f1ar la Web o impedir su normal uso, o de los servicios accesibles a trav\u00e9s de la misma.<\/span><\/p>\n<p><span style=\"font-weight: 400;\">La utilizaci\u00f3n de la Web y\/o de sus Servicios, supondr\u00e1 la aceptaci\u00f3n plena y sin reservas, y la validez, de todas y cada una de las cl\u00e1usulas recogidas en la \u00faltima versi\u00f3n actualizada de este Aviso Legal, por lo que el Usuario deber\u00e1 ser consciente de la importancia de leerlas cada vez que visite la Web.<\/span><\/p>\n<h2><b>3) Propiedad intelectual<\/b><\/h2>\n<p><span style=\"font-weight: 400;\">El c\u00f3digo fuente, los dise\u00f1os gr\u00e1ficos, las im\u00e1genes, las fotograf\u00edas, los v\u00eddeos, los sonidos, las animaciones, el software, los textos, as\u00ed como la informaci\u00f3n y los contenidos que se recogen en la Web est\u00e1n protegidos por la legislaci\u00f3n espa\u00f1ola sobre los derechos de propiedad intelectual e industrial a favor de <\/span><b>rmsasesores<\/b><span style=\"font-weight: 400;\"> o de terceros licenciadores. No se permite la reproducci\u00f3n y\/o publicaci\u00f3n, total o parcial, de la Web, ni su tratamiento inform\u00e1tico, su distribuci\u00f3n, su difusi\u00f3n, ni su modificaci\u00f3n, transformaci\u00f3n o descompilaci\u00f3n, ni dem\u00e1s derechos reconocidos legalmente a su titular, sin el permiso previo y por escrito del mismo. El Usuario, \u00fanica y exclusivamente, puede utilizar el material que aparezca en la Web para su uso personal y privado, quedando prohibido su uso con fines comerciales o para incurrir en actividades il\u00edcitas. Todos los derechos derivados de la propiedad intelectual est\u00e1n expresamente reservados por <\/span><b>rmsasesores<\/b><span style=\"font-weight: 400;\"> o los terceros licenciadores, que velar\u00e1 por el cumplimiento de las anteriores condiciones como por la debida utilizaci\u00f3n de los contenidos presentados en sus p\u00e1ginas web, ejercitando todas las acciones civiles y penales que le correspondan en el caso de infracci\u00f3n o incumplimiento de estos derechos por parte del Usuario.<\/span><\/p>\n<h2><b>4) Pol\u00edtica de privacidad<\/b><\/h2>\n<p><b>rmsasesores<\/b><span style=\"font-weight: 400;\"> se compromete a proteger la privacidad de los usuarios que accedan a esta web y\/o cualquiera de sus servicios. La utilizaci\u00f3n de la web y\/o cualquiera de los servicios ofrecidos por <\/span><b>rmsasesores<\/b><span style=\"font-weight: 400;\">, implica la aceptaci\u00f3n por parte del usuario de las disposiciones contenidas en la presente Pol\u00edtica de Privacidad y que sus datos personales sean tratados seg\u00fan se estipula. Por favor, tenga en cuenta que, aunque pueda haber enlaces de nuestra web a otras webs, esta Pol\u00edtica de Privacidad no se aplica a otras compa\u00f1\u00edas u organizaciones a las que la web est\u00e9 redirigida. <\/span><b>rmsasesores<\/b><span style=\"font-weight: 400;\"> no controla el contenido de las webs de terceros ni acepta ning\u00fan tipo de responsabilidad por el contenido o las pol\u00edticas de privacidad de estos sitios web.<\/span><\/p>\n<h2><b>5) Cuestiones sobre privacidad<\/b><\/h2>\n<p><span style=\"font-weight: 400;\">En cumplimiento del Reglamento (UE) 2016\/679 del Parlamento Europeo y del Consejo, de 27 de abril de 2016, (RGPD), le ofrecemos la siguiente informaci\u00f3n sobre el tratamiento de los datos personales que usted pueda facilitarnos:<\/span><\/p>\n<h3><b>\u00bfQui\u00e9n es el responsable del tratamiento de sus datos?<\/b><\/h3>\n<p><b>rmsasesores<\/b><\/p>\n<p><span style=\"font-weight: 400;\">Nuestros datos se encuentran en la parte superior de este aviso legal.<\/span><\/p>\n<ul>\n<li style=\"font-weight: 400;\"><span style=\"font-weight: 400;\">Tratamos la informaci\u00f3n que se nos facilita para prestar y facturar nuestros servicios y productos.<\/span><\/li>\n<li style=\"font-weight: 400;\"><span style=\"font-weight: 400;\">Si nos da su consentimiento tambi\u00e9n podemos tratar sus datos para enviarle informaci\u00f3n sobre productos, servicios o actividades.<\/span><\/li>\n<\/ul>\n<h3><b>\u00bfDurante cu\u00e1nto tiempo conservaremos sus datos?<\/b><\/h3>\n<p><span style=\"font-weight: 400;\">Los datos personales proporcionadas se conservar\u00e1n durante el tiempo estrictamente necesario. Es decir, mientras sea usuario de nuestros servicios o quiera seguir recibiendo informaci\u00f3n.<\/span><\/p>\n<h3><b>\u00bfQu\u00e9 legitimaci\u00f3n tenemos para poder tratar sus datos?<\/b><\/h3>\n<p><span style=\"font-weight: 400;\">La base legal para el tratamiento de sus datos son los consentimientos que nos d\u00e9.<\/span><\/p>\n<p><span style=\"font-weight: 400;\">(Menores de 16 a\u00f1os) Se entender\u00e1 que la informaci\u00f3n enviada por menores de 16 a\u00f1os lo ha sido por el consentimiento de sus representantes legales. De no ser as\u00ed el\/la representante legal en cuanto sea posible.<\/span><\/p>\n<h3><b>\u00bfA qui\u00e9n comunicaremos sus datos?<\/b><\/h3>\n<p><span style=\"font-weight: 400;\">Los datos no ser\u00e1n comunicados a terceros, salvo que lo exija una ley o sea necesario para cumplir con la finalidad del tratamiento.<\/span><\/p>\n<ul>\n<li style=\"font-weight: 400;\"><span style=\"font-weight: 400;\">Cualquier persona tiene derecho a obtener confirmaci\u00f3n sobre si estamos tratando o no sus datos personales.<\/span><\/li>\n<li style=\"font-weight: 400;\"><span style=\"font-weight: 400;\">Las personas interesadas tienen derecho a acceder a sus datos personales, as\u00ed como a solicitar la rectificaci\u00f3n de los datos inexactos o solicitar la supresi\u00f3n de los mismos cuando, entre otros motivos, los datos ya no sean necesarios para las finalidades para las cuales se recabaron.<\/span><\/li>\n<li style=\"font-weight: 400;\"><span style=\"font-weight: 400;\">En determinadas circunstancias les persones interesadas podr\u00e1n solicitar la limitaci\u00f3n del tratamiento de sus datos, en este caso \u00fanicamente los conservaremos para el ejercicio o la defensa de reclamaciones.<\/span><\/li>\n<li style=\"font-weight: 400;\"><span style=\"font-weight: 400;\">En determinadas circunstancias y por motivos relacionados con su situaci\u00f3n particular, el\/la interesado\/a podr\u00e1 oponerse al tratamiento de sus datos. En este caso dejaremos de tratarlos, excepto por motivos leg\u00edtimos imperiosos o para el ejercicio o la defensa de posibles reclamaciones.<\/span><\/li>\n<li style=\"font-weight: 400;\"><span style=\"font-weight: 400;\">Las personas interesadas tambi\u00e9n tienen derecho a la portabilidad de sus datos.<\/span><\/li>\n<li style=\"font-weight: 400;\"><span style=\"font-weight: 400;\">Finalmente, los\/las interesados\/as tienen derecho a presentar una reclamaci\u00f3n ante la Autoridad de Control competente.<\/span><\/li>\n<\/ul>\n<h3><b>\u00bfC\u00f3mo puede ejercer sus derechos?<\/b><\/h3>\n<p><span style=\"font-weight: 400;\">Envi\u00e1ndonos un escrito adjuntando una copia de un documento que lo identifique a nuestro domicilio o correo electr\u00f3nico (que aparecen al principio del presente Aviso Legal.<\/span><\/p>\n<h3><b>\u00bfC\u00f3mo hemos obtenido sus datos?<\/b><\/h3>\n<p><span style=\"font-weight: 400;\">Los datos personales que tratamos proceden del propio interesado, quien garantiza que los datos facilitados son ciertos y se hace responsable de comunicarnos cualquier modificaci\u00f3n de las mismas. Los datos que est\u00e9n marcados con un asterisco son obligatorios para poder darle el servicio solicitado.<\/span><\/p>\n<h3><b>\u00bfQu\u00e9 datos tratamos?<\/b><\/h3>\n<p><span style=\"font-weight: 400;\">Los datos que tratamos oscilan entre las siguientes categor\u00edas:<\/span><\/p>\n<ul>\n<li style=\"font-weight: 400;\"><span style=\"font-weight: 400;\">Datos de car\u00e1cter identificativo.<\/span><\/li>\n<li style=\"font-weight: 400;\"><span style=\"font-weight: 400;\">Direcciones postales o electr\u00f3nicas.<\/span><\/li>\n<li style=\"font-weight: 400;\"><span style=\"font-weight: 400;\">Otros datos solicitados en nuestros formularios.<\/span><\/li>\n<\/ul>\n<p><span style=\"font-weight: 400;\">Los datos son limitados, dado que \u00fanicamente tratamos los datos necesarios para la prestaci\u00f3n de nuestros servicios y la gesti\u00f3n de nuestra actividad.<\/span><\/p>\n<h2><b>6) \u00bfQu\u00e9 medidas de seguridad aplicamos?<\/b><\/h2>\n<p><span style=\"font-weight: 400;\">Aplicamos las medidas de seguridad establecidas en el art\u00edculo 32 del RGPD, por lo tanto hemos adoptado las medidas de seguridad necesarias para garantizar un nivel de seguridad adecuado al riesgo del tratamiento de los datos que realizamos, con mecanismos que nos permiten garantizar la confidencialidad, integridad, disponibilidad y resiliencia permanente de los sistemas y servicios de tratamiento.<\/span><\/p>\n<p><span style=\"font-weight: 400;\">Algunas de estas medidas son:<\/span><\/p>\n<ul>\n<li style=\"font-weight: 400;\"><span style=\"font-weight: 400;\">Informaci\u00f3n de las pol\u00edticas de tratamiento de los datos al personal.<\/span><\/li>\n<li style=\"font-weight: 400;\"><span style=\"font-weight: 400;\">Realizaci\u00f3n de copias de seguridad peri\u00f3dicas.<\/span><\/li>\n<li style=\"font-weight: 400;\"><span style=\"font-weight: 400;\">Control de acceso a los datos.<\/span><\/li>\n<li style=\"font-weight: 400;\"><span style=\"font-weight: 400;\">Procesos de verificaci\u00f3n, evaluaci\u00f3n y valoraci\u00f3n regulares.<\/span><\/li>\n<\/ul>\n<h2><b>7) Exclusi\u00f3n de responsabilidad<\/b><\/h2>\n<p><b>rmsasesores<\/b><span style=\"font-weight: 400;\"> act\u00faa con la m\u00e1xima diligencia posible para que los datos y la informaci\u00f3n que ofrece en su sitio web est\u00e9 actualizada en todo momento. No garantiza ni se hace responsable la exactitud y actualizaci\u00f3n de los contenidos del sitio web, reserv\u00e1ndose el derecho a modificar estos contenidos en cualquier momento. <\/span><b>rmsasesores<\/b><span style=\"font-weight: 400;\"> tampoco ser\u00e1 responsable de la informaci\u00f3n que se pueda obtener a trav\u00e9s de enlaces incluidos en el sitio web.<\/span><\/p>\n<p><span style=\"font-weight: 400;\">Las relaciones comerciales entre clientes se regir\u00e1n por las condiciones generales que, si fuera necesario, se establecer\u00edan por <\/span><b>rmsasesores<\/b><span style=\"font-weight: 400;\"> en un documento espec\u00edfico a este efecto, o para los pactos concretos que se puedan acordar con los clientes.<\/span><\/p>\n<h2><b>8) Pol\u00edtica de informaci\u00f3n y publicidad comercial<\/b><\/h2>\n<p><b>rmsasesores<\/b><span style=\"font-weight: 400;\"> se compromete a trav\u00e9s de este medio a <\/span><b>no realizar publicidad enga\u00f1osa<\/b><span style=\"font-weight: 400;\">. A estos efectos, por lo tanto, no ser\u00e1n considerados como publicidad enga\u00f1osa los errores formales o num\u00e9ricos que puedan encontrarse a lo largo del contenido de las distintas secciones de la Web, producidos como consecuencia de un mantenimiento y\/o actualizaci\u00f3n incompleta de la informaci\u00f3n contenida en estas secciones. <\/span><b>rmsasesores<\/b><span style=\"font-weight: 400;\">, como consecuencia de lo dispuesto en este apartado, se compromete a corregirlo tan pronto como tenga conocimiento de dichos errores.<\/span><\/p>\n<p><b>rmsasesores<\/b><span style=\"font-weight: 400;\"> se compromete a <\/span><b>no remitir comunicaciones comerciales sin identificarlas como tales<\/b><span style=\"font-weight: 400;\">, conforme a lo dispuesto en la Ley 34\/2002 de Servicios de la Sociedad de la Informaci\u00f3n y de comercio electr\u00f3nico. A estos efectos no ser\u00e1 considerado como comunicaci\u00f3n comercial toda la informaci\u00f3n que se env\u00ede a los clientes de <\/span><b>rmsasesores<\/b><span style=\"font-weight: 400;\"> siempre que tenga por finalidad el mantenimiento de la relaci\u00f3n contractual existente entre cliente y <\/span><b>rmsasesores<\/b><span style=\"font-weight: 400;\">, as\u00ed como el desempe\u00f1o de las tareas de informaci\u00f3n y otras actividades propias del servicio que el cliente tiene contratado.<\/span><\/p>\n<h2><b>9) Condiciones de uso. Jurisdicci\u00f3n y leyes aplicables<\/b><\/h2>\n<p><span style=\"font-weight: 400;\">El uso de este sitio web implica la aceptaci\u00f3n plena de los t\u00e9rminos del presente aviso legal.\u00a0 El presente Aviso Legal y todas las relaciones que se establezcan entre <\/span><b>rmsasesores <\/b><span style=\"font-weight: 400;\">y el Usuario de la Web y sus servicios se regir\u00e1n por lo establecido en la legislaci\u00f3n espa\u00f1ola.<\/span><\/p>\n<p>[\/vc_column_text][\/vc_column][\/vc_row]<\/p>\n","protected":false},"excerpt":{"rendered":"<p>[vc_row][vc_column][vc_column_text] 1) Informaci\u00f3n del titular En cumplimiento del art\u00edculo 10 de la Ley 34\/2002, de 11 de julio, de Servicios de la Sociedad de la Informaci\u00f3n y Comercio Electr\u00f3nico, a continuaci\u00f3n se exponen los datos identificativos del Titular: Web: rmsasesores.com y subdominios (en adelante, la Web) Titular: Rafael Mochol\u00ed Soriano Domicilio: \u00a0Guillen de castro, n\u00ba&hellip;<\/p>\n","protected":false},"author":1,"featured_media":0,"parent":0,"menu_order":0,"comment_status":"closed","ping_status":"open","template":"","meta":[],"yoast_head":"<!-- This site is optimized with the Yoast SEO plugin v15.6.2 - https:\/\/yoast.com\/wordpress\/plugins\/seo\/ -->\n<title>Pol\u00edtica de privacidad - rmsasesores.com<\/title>\n<meta name=\"robots\" content=\"noindex, nofollow\" \/>\n<meta property=\"og:locale\" content=\"es_ES\" \/>\n<meta property=\"og:type\" content=\"article\" \/>\n<meta property=\"og:title\" content=\"Pol\u00edtica de privacidad - rmsasesores.com\" \/>\n<meta property=\"og:description\" content=\"[vc_row][vc_column][vc_column_text] 1) Informaci\u00f3n del titular En cumplimiento del art\u00edculo 10 de la Ley 34\/2002, de 11 de julio, de Servicios de la Sociedad de la Informaci\u00f3n y Comercio Electr\u00f3nico, a continuaci\u00f3n se exponen los datos identificativos del Titular: Web: rmsasesores.com y subdominios (en adelante, la Web) Titular: Rafael Mochol\u00ed Soriano Domicilio: \u00a0Guillen de castro, n\u00ba&hellip;\" \/>\n<meta property=\"og:url\" content=\"https:\/\/rmsasesores.com\/index.php\/politica-privacidad\/\" \/>\n<meta property=\"og:site_name\" content=\"rmsasesores.com\" \/>\n<meta property=\"article:modified_time\" content=\"2020-12-14T10:56:19+00:00\" \/>\n<meta name=\"twitter:card\" content=\"summary_large_image\" \/>\n<meta name=\"twitter:label1\" content=\"Tiempo de lectura\">\n\t<meta name=\"twitter:data1\" content=\"8 minutos\">\n<script type=\"application\/ld+json\" class=\"yoast-schema-graph\">{\"@context\":\"https:\/\/schema.org\",\"@graph\":[{\"@type\":\"WebSite\",\"@id\":\"https:\/\/rmsasesores.com\/#website\",\"url\":\"https:\/\/rmsasesores.com\/\",\"name\":\"rmsasesores.com\",\"description\":\"RMS Asesores, consultor\\u00eda econ\\u00f3mica\",\"potentialAction\":[{\"@type\":\"SearchAction\",\"target\":\"https:\/\/rmsasesores.com\/?s={search_term_string}\",\"query-input\":\"required name=search_term_string\"}],\"inLanguage\":\"es\"},{\"@type\":\"WebPage\",\"@id\":\"https:\/\/rmsasesores.com\/index.php\/politica-privacidad\/#webpage\",\"url\":\"https:\/\/rmsasesores.com\/index.php\/politica-privacidad\/\",\"name\":\"Pol\\u00edtica de privacidad - rmsasesores.com\",\"isPartOf\":{\"@id\":\"https:\/\/rmsasesores.com\/#website\"},\"datePublished\":\"2020-11-26T07:54:46+00:00\",\"dateModified\":\"2020-12-14T10:56:19+00:00\",\"inLanguage\":\"es\",\"potentialAction\":[{\"@type\":\"ReadAction\",\"target\":[\"https:\/\/rmsasesores.com\/index.php\/politica-privacidad\/\"]}]}]}<\/script>\n<!-- \/ Yoast SEO plugin. -->","_links":{"self":[{"href":"https:\/\/rmsasesores.com\/index.php\/wp-json\/wp\/v2\/pages\/3"}],"collection":[{"href":"https:\/\/rmsasesores.com\/index.php\/wp-json\/wp\/v2\/pages"}],"about":[{"href":"https:\/\/rmsasesores.com\/index.php\/wp-json\/wp\/v2\/types\/page"}],"author":[{"embeddable":true,"href":"https:\/\/rmsasesores.com\/index.php\/wp-json\/wp\/v2\/users\/1"}],"replies":[{"embeddable":true,"href":"https:\/\/rmsasesores.com\/index.php\/wp-json\/wp\/v2\/comments?post=3"}],"version-history":[{"count":5,"href":"https:\/\/rmsasesores.com\/index.php\/wp-json\/wp\/v2\/pages\/3\/revisions"}],"predecessor-version":[{"id":1824,"href":"https:\/\/rmsasesores.com\/index.php\/wp-json\/wp\/v2\/pages\/3\/revisions\/1824"}],"wp:attachment":[{"href":"https:\/\/rmsasesores.com\/index.php\/wp-json\/wp\/v2\/media?parent=3"}],"curies":[{"name":"wp","href":"https:\/\/api.w.org\/{rel}","templated":true}]}}